{"id":147,"date":"2020-03-23T07:09:55","date_gmt":"2020-03-23T06:09:55","guid":{"rendered":"https:\/\/roksal.com\/?page_id=147"},"modified":"2025-11-27T09:58:20","modified_gmt":"2025-11-27T08:58:20","slug":"wpc-dielen-lieferung","status":"publish","type":"page","link":"https:\/\/roksal.com\/de\/wpc-dielen-lieferung\/","title":{"rendered":"Lieferung"},"content":{"rendered":"<div data-elementor-type=\"wp-page\" data-elementor-id=\"147\" class=\"elementor elementor-147\" data-elementor-post-type=\"page\">\n\t\t\t\t\t\t<section class=\"elementor-section elementor-top-section elementor-element elementor-element-118ee703 elementor-section-full_width elementor-section-height-default elementor-section-height-default\" data-id=\"118ee703\" data-element_type=\"section\" data-e-type=\"section\">\n\t\t\t\t\t\t<div class=\"elementor-container elementor-column-gap-no\">\n\t\t\t\t\t<div class=\"elementor-column elementor-col-100 elementor-top-column elementor-element elementor-element-42ddf65f\" data-id=\"42ddf65f\" data-element_type=\"column\" data-e-type=\"column\">\n\t\t\t<div class=\"elementor-widget-wrap elementor-element-populated\">\n\t\t\t\t\t\t<div class=\"elementor-element elementor-element-51593395 elementor-widget elementor-widget-heading\" data-id=\"51593395\" data-element_type=\"widget\" data-e-type=\"widget\" data-widget_type=\"heading.default\">\n\t\t\t\t<div class=\"elementor-widget-container\">\n\t\t\t\t\t<h1 class=\"elementor-heading-title elementor-size-default\">LIEFERUNG<\/h1>\t\t\t\t<\/div>\n\t\t\t\t<\/div>\n\t\t\t\t<div class=\"elementor-element elementor-element-5b2f3624 elementor-absolute elementor-hidden-phone elementor-widget elementor-widget-heading\" data-id=\"5b2f3624\" data-element_type=\"widget\" data-e-type=\"widget\" data-settings=\"{&quot;_position&quot;:&quot;absolute&quot;}\" data-widget_type=\"heading.default\">\n\t\t\t\t<div class=\"elementor-widget-container\">\n\t\t\t\t\t<span class=\"elementor-heading-title elementor-size-default\">lieferung<\/span>\t\t\t\t<\/div>\n\t\t\t\t<\/div>\n\t\t\t\t\t<\/div>\n\t\t<\/div>\n\t\t\t\t\t<\/div>\n\t\t<\/section>\n\t\t\t\t<section class=\"elementor-section elementor-top-section elementor-element elementor-element-c7dd14d elementor-section-boxed elementor-section-height-default elementor-section-height-default\" data-id=\"c7dd14d\" data-element_type=\"section\" data-e-type=\"section\">\n\t\t\t\t\t\t<div class=\"elementor-container elementor-column-gap-default\">\n\t\t\t\t\t<div class=\"elementor-column elementor-col-100 elementor-top-column elementor-element elementor-element-f3363bb\" data-id=\"f3363bb\" data-element_type=\"column\" data-e-type=\"column\">\n\t\t\t<div class=\"elementor-widget-wrap elementor-element-populated\">\n\t\t\t\t\t\t<div class=\"elementor-element elementor-element-e4018fd elementor-widget elementor-widget-heading\" data-id=\"e4018fd\" data-element_type=\"widget\" data-e-type=\"widget\" data-widget_type=\"heading.default\">\n\t\t\t\t<div class=\"elementor-widget-container\">\n\t\t\t\t\t<h2 class=\"elementor-heading-title elementor-size-default\">Lieferung von WPC-Dielen- Slowenien<\/h2>\t\t\t\t<\/div>\n\t\t\t\t<\/div>\n\t\t\t\t<div class=\"elementor-element elementor-element-6c9b911 elementor-widget elementor-widget-text-editor\" data-id=\"6c9b911\" data-element_type=\"widget\" data-e-type=\"widget\" data-widget_type=\"text-editor.default\">\n\t\t\t\t<div class=\"elementor-widget-container\">\n\t\t\t\t\t\t\t\t\t<p>Die Lieferung erfolgt gegen Aufpreis und h\u00e4ngt vom Lieferort und dem Gewicht der Bestellung ab.<\/p>\n<p>Wir bieten individuelle Lieferungen und Sammellieferungen an.<br><br>Bei der individuellen Lieferung wird die Fahrt speziell f\u00fcr Ihre Bestellung organisiert, aber dennoch innerhalb unseres w\u00f6chentlichen Lieferplans. Das Lieferdatum h\u00e4ngt von der Verf\u00fcgbarkeit des Fahrzeugs, den Installationsterminen und den Wetterbedingungen ab. Wir vereinbaren immer gemeinsam einen vorl\u00e4ufigen Termin und best\u00e4tigen die Details am Telefon.<br><br>Die Sammellieferung ist eine kosteng\u00fcnstigere Option f\u00fcr kleinere Bestellungen, bei der mehrere Kunden auf derselben Route zusammengefasst werden und die Kosten f\u00fcr die Lieferung geteilt werden. Bei einer Sammellieferung kann das Lieferdatum nicht im Voraus festgelegt werden, da es von anderen Bestellungen und der Reiseroute abh\u00e4ngt. Die Option einer Sammellieferung ist nicht unbedingt f\u00fcr jede Bestellung verf\u00fcgbar; ob sie f\u00fcr Ihre Bestellung m\u00f6glich ist, steht im Angebot.<\/p>\n<p>Die Lieferungen erfolgen in der Regel von Montag bis Freitag am Vormittag. Mindestens eine Person (der K\u00e4ufer) muss anwesend sein, um beim Ausladen des Materials zu helfen. <br><br>Unsere Lieferung ist oft billiger und einfacher als die Anmietung eines Lieferwagens oder Anh\u00e4ngers, insbesondere bei langen Profilen (4,0 m und 5,8 m), bei denen der Transport mit dem Auto schwierig oder ungeeignet ist.<\/p>\t\t\t\t\t\t\t\t<\/div>\n\t\t\t\t<\/div>\n\t\t\t\t<div class=\"elementor-element elementor-element-6063b04 elementor-widget elementor-widget-heading\" data-id=\"6063b04\" data-element_type=\"widget\" data-e-type=\"widget\" data-widget_type=\"heading.default\">\n\t\t\t\t<div class=\"elementor-widget-container\">\n\t\t\t\t\t<h2 class=\"elementor-heading-title elementor-size-default\">Lieferung von WPC-Dielen - andere L\u00e4nder<\/h2>\t\t\t\t<\/div>\n\t\t\t\t<\/div>\n\t\t\t\t<div class=\"elementor-element elementor-element-7a70b4d elementor-widget elementor-widget-text-editor\" data-id=\"7a70b4d\" data-element_type=\"widget\" data-e-type=\"widget\" data-widget_type=\"text-editor.default\">\n\t\t\t\t<div class=\"elementor-widget-container\">\n\t\t\t\t\t\t\t\t\t<p>Bei Lieferungen in andere L\u00e4nder h\u00e4ngt die Option der Einzel- oder Sammellieferung von der Entfernung und der Menge der Bestellung ab. Wo die Lieferung mit unserem eigenen Fahrzeug nicht praktikabel oder machbar ist, verpacken wir das Material und versenden es \u00fcber andere Frachtdienste. Die Lieferkosten h\u00e4ngen immer vom Gewicht, der Gr\u00f6\u00dfe und der Entfernung der Sendung ab, so dass wir f\u00fcr jede Bestellung ein individuelles Angebot erstellen.<\/p>\t\t\t\t\t\t\t\t<\/div>\n\t\t\t\t<\/div>\n\t\t\t\t<div class=\"elementor-element elementor-element-1568164 elementor-widget elementor-widget-heading\" data-id=\"1568164\" data-element_type=\"widget\" data-e-type=\"widget\" data-widget_type=\"heading.default\">\n\t\t\t\t<div class=\"elementor-widget-container\">\n\t\t\t\t\t<h2 class=\"elementor-heading-title elementor-size-default\">M\u00f6glichkeit der pers\u00f6nlichen Abholung<\/h2>\t\t\t\t<\/div>\n\t\t\t\t<\/div>\n\t\t\t\t<div class=\"elementor-element elementor-element-fb1a87f elementor-widget elementor-widget-text-editor\" data-id=\"fb1a87f\" data-element_type=\"widget\" data-e-type=\"widget\" data-widget_type=\"text-editor.default\">\n\t\t\t\t<div class=\"elementor-widget-container\">\n\t\t\t\t\t\t\t\t\t<p>Pers\u00f6nliche Abholung ist w\u00e4hrend der offiziellen \u00d6ffnungszeiten des Lagers in Savska Loka 21, 4000 Kranj m\u00f6glich.<\/p>\n<p data-start=\"2640\" data-end=\"2830\">Um lange Lasten au\u00dferhalb des Fahrzeugs zu transportieren, ben\u00f6tigen Sie ein Warnschild f\u00fcr lange Lasten, eine ebene Fl\u00e4che (Bohle) und ausreichend starke Spanngurte. Wir empfehlen einen Anh\u00e4nger oder Transporter von geeigneter L\u00e4nge.<\/p>\n<p data-start=\"2832\" data-end=\"3034\">Sch\u00e4den am Material, die durch unsachgem\u00e4\u00dfen Transport entstanden sind (z.B. Verdrehen oder Brechen von Brettern durch zu kurze Fahrzeuge, Transport auf dem Dach oder unsachgem\u00e4\u00dfes Verzurren), sind nicht regresspflichtig.<\/p>\n<p data-start=\"3036\" data-end=\"3224\">Wenn wir zum Zeitpunkt der Abholung feststellen, dass das Fahrzeug f\u00fcr einen sicheren Transport nicht geeignet ist (zu kurz, auf dem Dach, etc.), werden wir das Fahrzeug nicht beladen und eine alternative L\u00f6sung vorschlagen. Wenn das Material aufgrund eines ungeeigneten Fahrzeugs bereits an die Rampe gebracht oder teilweise verladen wurde, werden die Kosten f\u00fcr das zus\u00e4tzliche Abladen und Umladen gem\u00e4\u00df den Allgemeinen Gesch\u00e4ftsbedingungen von Roksal in Rechnung gestellt.<\/p>\t\t\t\t\t\t\t\t<\/div>\n\t\t\t\t<\/div>\n\t\t\t\t<section class=\"elementor-section elementor-inner-section elementor-element elementor-element-13fbcab elementor-section-boxed elementor-section-height-default elementor-section-height-default\" data-id=\"13fbcab\" data-element_type=\"section\" data-e-type=\"section\">\n\t\t\t\t\t\t<div class=\"elementor-container elementor-column-gap-default\">\n\t\t\t\t\t<div class=\"elementor-column elementor-col-50 elementor-inner-column elementor-element elementor-element-aea9248\" data-id=\"aea9248\" data-element_type=\"column\" data-e-type=\"column\">\n\t\t\t<div class=\"elementor-widget-wrap elementor-element-populated\">\n\t\t\t\t\t\t<div class=\"elementor-element elementor-element-760d57d elementor-widget elementor-widget-image\" data-id=\"760d57d\" data-element_type=\"widget\" data-e-type=\"widget\" data-widget_type=\"image.default\">\n\t\t\t\t<div class=\"elementor-widget-container\">\n\t\t\t\t\t\t\t\t\t\t\t\t\t\t\t<img fetchpriority=\"high\" decoding=\"async\" width=\"1024\" height=\"576\" src=\"https:\/\/roksal.com\/wp-content\/uploads\/2021\/12\/ROKSAL-salon-skladisce-pisarne-1024x576.jpg\" class=\"attachment-large size-large wp-image-3022\" alt=\"\" srcset=\"https:\/\/roksal.com\/wp-content\/uploads\/2021\/12\/ROKSAL-salon-skladisce-pisarne-1024x576.jpg 1024w, https:\/\/roksal.com\/wp-content\/uploads\/2021\/12\/ROKSAL-salon-skladisce-pisarne-300x169.jpg 300w, https:\/\/roksal.com\/wp-content\/uploads\/2021\/12\/ROKSAL-salon-skladisce-pisarne-768x432.jpg 768w, https:\/\/roksal.com\/wp-content\/uploads\/2021\/12\/ROKSAL-salon-skladisce-pisarne-1536x864.jpg 1536w, https:\/\/roksal.com\/wp-content\/uploads\/2021\/12\/ROKSAL-salon-skladisce-pisarne.jpg 1920w\" sizes=\"(max-width: 1024px) 100vw, 1024px\">\t\t\t\t\t\t\t\t\t\t\t\t\t\t\t<\/div>\n\t\t\t\t<\/div>\n\t\t\t\t\t<\/div>\n\t\t<\/div>\n\t\t\t\t<div class=\"elementor-column elementor-col-50 elementor-inner-column elementor-element elementor-element-04ff7c1\" data-id=\"04ff7c1\" data-element_type=\"column\" data-e-type=\"column\">\n\t\t\t<div class=\"elementor-widget-wrap elementor-element-populated\">\n\t\t\t\t\t\t<div class=\"elementor-element elementor-element-ddcce6e elementor-widget elementor-widget-image\" data-id=\"ddcce6e\" data-element_type=\"widget\" data-e-type=\"widget\" data-widget_type=\"image.default\">\n\t\t\t\t<div class=\"elementor-widget-container\">\n\t\t\t\t\t\t\t\t\t\t\t\t\t\t\t<img decoding=\"async\" width=\"768\" height=\"644\" src=\"https:\/\/roksal.com\/wp-content\/uploads\/2025\/11\/prevoz-wpc-desk-768x644.png\" class=\"attachment-medium_large size-medium_large wp-image-9231\" alt=\"Unsachgem\u00e4\u00dfe Lieferung von WPC-Platten durchgestrichen\" srcset=\"https:\/\/roksal.com\/wp-content\/uploads\/2025\/11\/prevoz-wpc-desk-768x644.png 768w, https:\/\/roksal.com\/wp-content\/uploads\/2025\/11\/prevoz-wpc-desk-300x251.png 300w, https:\/\/roksal.com\/wp-content\/uploads\/2025\/11\/prevoz-wpc-desk-14x12.png 14w, https:\/\/roksal.com\/wp-content\/uploads\/2025\/11\/prevoz-wpc-desk.png 940w\" sizes=\"(max-width: 768px) 100vw, 768px\" \/>\t\t\t\t\t\t\t\t\t\t\t\t\t\t\t<\/div>\n\t\t\t\t<\/div>\n\t\t\t\t\t<\/div>\n\t\t<\/div>\n\t\t\t\t\t<\/div>\n\t\t<\/section>\n\t\t\t\t\t<\/div>\n\t\t<\/div>\n\t\t\t\t\t<\/div>\n\t\t<\/section>\n\t\t\t\t<\/div>","protected":false},"excerpt":{"rendered":"<p>DOSTAVA po Sloveniji Dostava WPC desk &#8211; Slovenija Dostava je z dopla\u010dilom in je odvisna od kraja dostave in te\u017ee naro\u010dila. Izvajamo individualno dostavo in dostavo \u00bbzbirnik\u00ab. Pri individualni dostavi je vo\u017enja organizirana posebej za va\u0161e naro\u010dilo, vendar \u0161e vedno v okviru na\u0161ega tedenskega plana dostav. Termin dostave dolo\u010dimo glede na razpolo\u017eljivost vozila, termine monta\u017e [&hellip;]<\/p>\n","protected":false},"author":1,"featured_media":0,"parent":0,"menu_order":0,"comment_status":"closed","ping_status":"closed","template":"","meta":{"site-sidebar-layout":"no-sidebar","site-content-layout":"page-builder","ast-site-content-layout":"full-width-container","site-content-style":"unboxed","site-sidebar-style":"unboxed","ast-global-header-display":"","ast-banner-title-visibility":"","ast-main-header-display":"","ast-hfb-above-header-display":"","ast-hfb-below-header-display":"","ast-hfb-mobile-header-display":"","site-post-title":"disabled","ast-breadcrumbs-content":"","ast-featured-img":"disabled","footer-sml-layout":"","ast-disable-related-posts":"","theme-transparent-header-meta":"default","adv-header-id-meta":"","stick-header-meta":"","header-above-stick-meta":"","header-main-stick-meta":"","header-below-stick-meta":"","astra-migrate-meta-layouts":"set","ast-page-background-enabled":"default","ast-page-background-meta":{"desktop":{"background-color":"","background-image":"","background-repeat":"repeat","background-position":"center center","background-size":"auto","background-attachment":"scroll","background-type":"","background-media":"","overlay-type":"","overlay-color":"","overlay-opacity":"","overlay-gradient":""},"tablet":{"background-color":"","background-image":"","background-repeat":"repeat","background-position":"center center","background-size":"auto","background-attachment":"scroll","background-type":"","background-media":"","overlay-type":"","overlay-color":"","overlay-opacity":"","overlay-gradient":""},"mobile":{"background-color":"","background-image":"","background-repeat":"repeat","background-position":"center center","background-size":"auto","background-attachment":"scroll","background-type":"","background-media":"","overlay-type":"","overlay-color":"","overlay-opacity":"","overlay-gradient":""}},"ast-content-background-meta":{"desktop":{"background-color":"var(--ast-global-color-5)","background-image":"","background-repeat":"repeat","background-position":"center center","background-size":"auto","background-attachment":"scroll","background-type":"","background-media":"","overlay-type":"","overlay-color":"","overlay-opacity":"","overlay-gradient":""},"tablet":{"background-color":"var(--ast-global-color-5)","background-image":"","background-repeat":"repeat","background-position":"center center","background-size":"auto","background-attachment":"scroll","background-type":"","background-media":"","overlay-type":"","overlay-color":"","overlay-opacity":"","overlay-gradient":""},"mobile":{"background-color":"var(--ast-global-color-5)","background-image":"","background-repeat":"repeat","background-position":"center center","background-size":"auto","background-attachment":"scroll","background-type":"","background-media":"","overlay-type":"","overlay-color":"","overlay-opacity":"","overlay-gradient":""}},"footnotes":""},"class_list":["post-147","page","type-page","status-publish","hentry"],"_links":{"self":[{"href":"https:\/\/roksal.com\/de\/wp-json\/wp\/v2\/pages\/147","targetHints":{"allow":["GET"]}}],"collection":[{"href":"https:\/\/roksal.com\/de\/wp-json\/wp\/v2\/pages"}],"about":[{"href":"https:\/\/roksal.com\/de\/wp-json\/wp\/v2\/types\/page"}],"author":[{"embeddable":true,"href":"https:\/\/roksal.com\/de\/wp-json\/wp\/v2\/users\/1"}],"replies":[{"embeddable":true,"href":"https:\/\/roksal.com\/de\/wp-json\/wp\/v2\/comments?post=147"}],"version-history":[{"count":95,"href":"https:\/\/roksal.com\/de\/wp-json\/wp\/v2\/pages\/147\/revisions"}],"predecessor-version":[{"id":9234,"href":"https:\/\/roksal.com\/de\/wp-json\/wp\/v2\/pages\/147\/revisions\/9234"}],"wp:attachment":[{"href":"https:\/\/roksal.com\/de\/wp-json\/wp\/v2\/media?parent=147"}],"curies":[{"name":"WP","href":"https:\/\/api.w.org\/{rel}","templated":true}]}}