{"id":368,"date":"2020-12-10T12:07:10","date_gmt":"2020-12-10T11:07:10","guid":{"rendered":"https:\/\/roksal.com\/?page_id=368"},"modified":"2026-03-05T16:10:47","modified_gmt":"2026-03-05T15:10:47","slug":"farbnuancen","status":"publish","type":"page","link":"https:\/\/roksal.com\/de\/woodcore-wpc-dielen\/farbnuancen\/","title":{"rendered":"Farbt\u00f6ne"},"content":{"rendered":"<div data-elementor-type=\"wp-page\" data-elementor-id=\"368\" class=\"elementor elementor-368\" data-elementor-post-type=\"page\">\n\t\t\t\t\t\t<section class=\"elementor-section elementor-top-section elementor-element elementor-element-50c7d7d4 elementor-section-full_width elementor-section-height-default elementor-section-height-default\" data-id=\"50c7d7d4\" data-element_type=\"section\" data-e-type=\"section\">\n\t\t\t\t\t\t<div class=\"elementor-container elementor-column-gap-no\">\n\t\t\t\t\t<div class=\"elementor-column elementor-col-100 elementor-top-column elementor-element elementor-element-3a6a6835\" data-id=\"3a6a6835\" data-element_type=\"column\" data-e-type=\"column\">\n\t\t\t<div class=\"elementor-widget-wrap elementor-element-populated\">\n\t\t\t\t\t\t<div class=\"elementor-element elementor-element-104bb12e elementor-widget elementor-widget-heading\" data-id=\"104bb12e\" data-element_type=\"widget\" data-e-type=\"widget\" data-widget_type=\"heading.default\">\n\t\t\t\t<div class=\"elementor-widget-container\">\n\t\t\t\t\t<h2 class=\"elementor-heading-title elementor-size-default\">FARBT\u00d6NE<\/h2>\t\t\t\t<\/div>\n\t\t\t\t<\/div>\n\t\t\t\t<div class=\"elementor-element elementor-element-2928622d elementor-absolute elementor-hidden-phone elementor-widget elementor-widget-heading\" data-id=\"2928622d\" data-element_type=\"widget\" data-e-type=\"widget\" data-settings=\"{&quot;_position&quot;:&quot;absolute&quot;}\" data-widget_type=\"heading.default\">\n\t\t\t\t<div class=\"elementor-widget-container\">\n\t\t\t\t\t<span class=\"elementor-heading-title elementor-size-default\">WoodCore<\/span>\t\t\t\t<\/div>\n\t\t\t\t<\/div>\n\t\t\t\t\t<\/div>\n\t\t<\/div>\n\t\t\t\t\t<\/div>\n\t\t<\/section>\n\t\t\t\t<section class=\"elementor-section elementor-top-section elementor-element elementor-element-6fe90b4 elementor-section-boxed elementor-section-height-default elementor-section-height-default\" data-id=\"6fe90b4\" data-element_type=\"section\" data-e-type=\"section\" data-settings=\"{&quot;background_background&quot;:&quot;classic&quot;}\">\n\t\t\t\t\t\t<div class=\"elementor-container elementor-column-gap-default\">\n\t\t\t\t\t<div class=\"elementor-column elementor-col-100 elementor-top-column elementor-element elementor-element-1fca851\" data-id=\"1fca851\" data-element_type=\"column\" data-e-type=\"column\">\n\t\t\t<div class=\"elementor-widget-wrap elementor-element-populated\">\n\t\t\t\t\t\t<div class=\"elementor-element elementor-element-87cb446 elementor-widget elementor-widget-heading\" data-id=\"87cb446\" data-element_type=\"widget\" data-e-type=\"widget\" data-widget_type=\"heading.default\">\n\t\t\t\t<div class=\"elementor-widget-container\">\n\t\t\t\t\t<h2 class=\"elementor-heading-title elementor-size-default\">Terrassendielen und Zaundielen - Terrassendiele 150:<\/h2>\t\t\t\t<\/div>\n\t\t\t\t<\/div>\n\t\t\t\t<div class=\"elementor-element elementor-element-8732595 elementor-widget elementor-widget-text-editor\" data-id=\"8732595\" data-element_type=\"widget\" data-e-type=\"widget\" data-widget_type=\"text-editor.default\">\n\t\t\t\t<div class=\"elementor-widget-container\">\n\t\t\t\t\t\t\t\t\t<p style=\"font-size: 20px; font-style: normal; font-weight: 400;\"><span style=\"font-size: 20px; font-style: normal; font-weight: 400;\">Hier stehen sieben Farbt\u00f6ne und drei Oberfl\u00e4chen zur Auswahl. Eine Seite der Diele ist fein geriffelt, die andere grob geriffelt. Nur die Rustic-Dielen sind auf einer Seite komplett glatt und auf der anderen Seite fein geriffelt.<\/span><\/p>\t\t\t\t\t\t\t\t<\/div>\n\t\t\t\t<\/div>\n\t\t\t\t<div class=\"elementor-element elementor-element-90041d2 elementor-widget elementor-widget-image\" data-id=\"90041d2\" data-element_type=\"widget\" data-e-type=\"widget\" data-widget_type=\"image.default\">\n\t\t\t\t<div class=\"elementor-widget-container\">\n\t\t\t\t\t\t\t\t\t\t\t\t\t\t\t<img fetchpriority=\"high\" decoding=\"async\" width=\"1024\" height=\"272\" src=\"https:\/\/roksal.com\/wp-content\/uploads\/2024\/09\/BARVNA_LESTVICA_1-terasa4-1024x272.png\" class=\"attachment-large size-large wp-image-6275\" alt=\"Farbpalette der Farbt\u00f6ne von WPC-Platten f\u00fcr board 150\" srcset=\"https:\/\/roksal.com\/wp-content\/uploads\/2024\/09\/BARVNA_LESTVICA_1-terasa4-1024x272.png 1024w, https:\/\/roksal.com\/wp-content\/uploads\/2024\/09\/BARVNA_LESTVICA_1-terasa4-300x80.png 300w, https:\/\/roksal.com\/wp-content\/uploads\/2024\/09\/BARVNA_LESTVICA_1-terasa4-768x204.png 768w, https:\/\/roksal.com\/wp-content\/uploads\/2024\/09\/BARVNA_LESTVICA_1-terasa4-1536x408.png 1536w, https:\/\/roksal.com\/wp-content\/uploads\/2024\/09\/BARVNA_LESTVICA_1-terasa4-2048x544.png 2048w\" sizes=\"(max-width: 1024px) 100vw, 1024px\" \/>\t\t\t\t\t\t\t\t\t\t\t\t\t\t\t<\/div>\n\t\t\t\t<\/div>\n\t\t\t\t<div class=\"elementor-element elementor-element-c1581c5 elementor-widget elementor-widget-text-editor\" data-id=\"c1581c5\" data-element_type=\"widget\" data-e-type=\"widget\" data-widget_type=\"text-editor.default\">\n\t\t\t\t<div class=\"elementor-widget-container\">\n\t\t\t\t\t\t\t\t\t<p>** Bei Eiche Rustikal und Nussbaum Rustikal, die ein mehrfarbiges Aussehen haben, k\u00f6nnen der Farbton und das Muster der Flecken zwischen den einzelnen Brettern und Chargen deutlicher variieren.<\/p>\t\t\t\t\t\t\t\t<\/div>\n\t\t\t\t<\/div>\n\t\t\t\t\t<\/div>\n\t\t<\/div>\n\t\t\t\t\t<\/div>\n\t\t<\/section>\n\t\t\t\t<section class=\"elementor-section elementor-top-section elementor-element elementor-element-07c1a3b elementor-section-boxed elementor-section-height-default elementor-section-height-default\" data-id=\"07c1a3b\" data-element_type=\"section\" data-e-type=\"section\">\n\t\t\t\t\t\t<div class=\"elementor-container elementor-column-gap-default\">\n\t\t\t\t\t<div class=\"elementor-column elementor-col-100 elementor-top-column elementor-element elementor-element-b044d41\" data-id=\"b044d41\" data-element_type=\"column\" data-e-type=\"column\">\n\t\t\t<div class=\"elementor-widget-wrap elementor-element-populated\">\n\t\t\t\t\t\t<div class=\"elementor-element elementor-element-c952763 elementor-widget elementor-widget-heading\" data-id=\"c952763\" data-element_type=\"widget\" data-e-type=\"widget\" data-widget_type=\"heading.default\">\n\t\t\t\t<div class=\"elementor-widget-container\">\n\t\t\t\t\t<h2 class=\"elementor-heading-title elementor-size-default\">Dielen f\u00fcr Zaun und Fassade - Rhombus-Profil:<\/h2>\t\t\t\t<\/div>\n\t\t\t\t<\/div>\n\t\t\t\t<div class=\"elementor-element elementor-element-5b77bba elementor-widget elementor-widget-text-editor\" data-id=\"5b77bba\" data-element_type=\"widget\" data-e-type=\"widget\" data-widget_type=\"text-editor.default\">\n\t\t\t\t<div class=\"elementor-widget-container\">\n\t\t\t\t\t\t\t\t\t<p style=\"font-size: 20px; font-style: normal; font-weight: 400;\">F\u00fcr das Rhombus-Profil 67 k\u00f6nnen Sie aus den sieben unten angef\u00fchrten Farbt\u00f6nen w\u00e4hlen.<\/p>\t\t\t\t\t\t\t\t<\/div>\n\t\t\t\t<\/div>\n\t\t\t\t<div class=\"elementor-element elementor-element-3b5a5d5 elementor-widget elementor-widget-image\" data-id=\"3b5a5d5\" data-element_type=\"widget\" data-e-type=\"widget\" data-widget_type=\"image.default\">\n\t\t\t\t<div class=\"elementor-widget-container\">\n\t\t\t\t\t\t\t\t\t\t\t\t\t\t\t<img decoding=\"async\" width=\"1024\" height=\"268\" src=\"https:\/\/roksal.com\/wp-content\/uploads\/2024\/09\/BARVNA_LESTVICA_3-rombi4-1024x268.png\" class=\"attachment-large size-large wp-image-6277\" alt=\"Farbpalette der Farbt\u00f6ne von WPC-Platten f\u00fcr Rhombusplatten\" srcset=\"https:\/\/roksal.com\/wp-content\/uploads\/2024\/09\/BARVNA_LESTVICA_3-rombi4-1024x268.png 1024w, https:\/\/roksal.com\/wp-content\/uploads\/2024\/09\/BARVNA_LESTVICA_3-rombi4-300x78.png 300w, https:\/\/roksal.com\/wp-content\/uploads\/2024\/09\/BARVNA_LESTVICA_3-rombi4-768x201.png 768w, https:\/\/roksal.com\/wp-content\/uploads\/2024\/09\/BARVNA_LESTVICA_3-rombi4-1536x402.png 1536w, https:\/\/roksal.com\/wp-content\/uploads\/2024\/09\/BARVNA_LESTVICA_3-rombi4-2048x536.png 2048w\" sizes=\"(max-width: 1024px) 100vw, 1024px\" \/>\t\t\t\t\t\t\t\t\t\t\t\t\t\t\t<\/div>\n\t\t\t\t<\/div>\n\t\t\t\t<div class=\"elementor-element elementor-element-d3e46f8 elementor-widget elementor-widget-text-editor\" data-id=\"d3e46f8\" data-element_type=\"widget\" data-e-type=\"widget\" data-widget_type=\"text-editor.default\">\n\t\t\t\t<div class=\"elementor-widget-container\">\n\t\t\t\t\t\t\t\t\t<p>** Bei Eiche Rustikal und Nussbaum Rustikal, die ein mehrfarbiges Aussehen haben, k\u00f6nnen der Farbton und das Muster der Flecken zwischen den einzelnen Brettern und Chargen deutlicher variieren.<\/p>\t\t\t\t\t\t\t\t<\/div>\n\t\t\t\t<\/div>\n\t\t\t\t<div class=\"elementor-element elementor-element-a694bdf elementor-widget elementor-widget-heading\" data-id=\"a694bdf\" data-element_type=\"widget\" data-e-type=\"widget\" data-widget_type=\"heading.default\">\n\t\t\t\t<div class=\"elementor-widget-container\">\n\t\t\t\t\t<h2 class=\"elementor-heading-title elementor-size-default\">Fassadentafeln - Kubo Profil:<\/h2>\t\t\t\t<\/div>\n\t\t\t\t<\/div>\n\t\t\t\t<div class=\"elementor-element elementor-element-f462b01 elementor-widget elementor-widget-text-editor\" data-id=\"f462b01\" data-element_type=\"widget\" data-e-type=\"widget\" data-widget_type=\"text-editor.default\">\n\t\t\t\t<div class=\"elementor-widget-container\">\n\t\t\t\t\t\t\t\t\t<p style=\"font-size: 20px; font-style: normal; font-weight: 400;\">F\u00fcr KUBO-Profilbretter k\u00f6nnen Sie aus den vier untenstehenden Farben w\u00e4hlen:<\/p>\t\t\t\t\t\t\t\t<\/div>\n\t\t\t\t<\/div>\n\t\t\t\t<div class=\"elementor-element elementor-element-6542530 elementor-widget elementor-widget-image\" data-id=\"6542530\" data-element_type=\"widget\" data-e-type=\"widget\" data-widget_type=\"image.default\">\n\t\t\t\t<div class=\"elementor-widget-container\">\n\t\t\t\t\t\t\t\t\t\t\t\t\t\t\t<img decoding=\"async\" width=\"1024\" height=\"312\" src=\"https:\/\/roksal.com\/wp-content\/uploads\/2024\/09\/BARVNA_LESTVICA_5-kubo4-1024x312.png\" class=\"attachment-large size-large wp-image-6279\" alt=\"\" srcset=\"https:\/\/roksal.com\/wp-content\/uploads\/2024\/09\/BARVNA_LESTVICA_5-kubo4-1024x312.png 1024w, https:\/\/roksal.com\/wp-content\/uploads\/2024\/09\/BARVNA_LESTVICA_5-kubo4-300x91.png 300w, https:\/\/roksal.com\/wp-content\/uploads\/2024\/09\/BARVNA_LESTVICA_5-kubo4-768x234.png 768w, https:\/\/roksal.com\/wp-content\/uploads\/2024\/09\/BARVNA_LESTVICA_5-kubo4-1536x468.png 1536w, https:\/\/roksal.com\/wp-content\/uploads\/2024\/09\/BARVNA_LESTVICA_5-kubo4-2048x624.png 2048w\" sizes=\"(max-width: 1024px) 100vw, 1024px\">\t\t\t\t\t\t\t\t\t\t\t\t\t\t\t<\/div>\n\t\t\t\t<\/div>\n\t\t\t\t<div class=\"elementor-element elementor-element-1e4a2b4 elementor-widget elementor-widget-text-editor\" data-id=\"1e4a2b4\" data-element_type=\"widget\" data-e-type=\"widget\" data-widget_type=\"text-editor.default\">\n\t\t\t\t<div class=\"elementor-widget-container\">\n\t\t\t\t\t\t\t\t\t<p>** Bei Eiche Rustikal und Nussbaum Rustikal, die ein mehrfarbiges Aussehen haben, k\u00f6nnen der Farbton und das Muster der Flecken zwischen den einzelnen Brettern und Chargen deutlicher variieren.<\/p>\t\t\t\t\t\t\t\t<\/div>\n\t\t\t\t<\/div>\n\t\t\t\t\t<\/div>\n\t\t<\/div>\n\t\t\t\t\t<\/div>\n\t\t<\/section>\n\t\t\t\t<section class=\"elementor-section elementor-top-section elementor-element elementor-element-1c3ddd9 elementor-section-boxed elementor-section-height-default elementor-section-height-default\" data-id=\"1c3ddd9\" data-element_type=\"section\" data-e-type=\"section\" data-settings=\"{&quot;background_background&quot;:&quot;classic&quot;}\">\n\t\t\t\t\t\t<div class=\"elementor-container elementor-column-gap-default\">\n\t\t\t\t\t<div class=\"elementor-column elementor-col-100 elementor-top-column elementor-element elementor-element-d866ff4\" data-id=\"d866ff4\" data-element_type=\"column\" data-e-type=\"column\">\n\t\t\t<div class=\"elementor-widget-wrap elementor-element-populated\">\n\t\t\t\t\t\t<div class=\"elementor-element elementor-element-43e2fed elementor-widget elementor-widget-heading\" data-id=\"43e2fed\" data-element_type=\"widget\" data-e-type=\"widget\" data-widget_type=\"heading.default\">\n\t\t\t\t<div class=\"elementor-widget-container\">\n\t\t\t\t\t<h2 class=\"elementor-heading-title elementor-size-default\">Bretter f\u00fcr vertikale Z\u00e4une - Profil Vollprofil 100:<\/h2>\t\t\t\t<\/div>\n\t\t\t\t<\/div>\n\t\t\t\t<div class=\"elementor-element elementor-element-9f168b5 elementor-widget elementor-widget-text-editor\" data-id=\"9f168b5\" data-element_type=\"widget\" data-e-type=\"widget\" data-widget_type=\"text-editor.default\">\n\t\t\t\t<div class=\"elementor-widget-container\">\n\t\t\t\t\t\t\t\t\t<p style=\"font-size: 20px; font-style: normal;\"><span style=\"font-weight: 400;\">Diese Bretter sind geeignet f\u00fcr<\/span><b> nur<\/b> f\u00fcr <b>vertikale<\/b> Z\u00e4une geeignet. F\u00fcr das Vollprofil k\u00f6nnen Sie aus den folgenden acht Farbt\u00f6nen w\u00e4hlen:<\/p>\t\t\t\t\t\t\t\t<\/div>\n\t\t\t\t<\/div>\n\t\t\t\t<div class=\"elementor-element elementor-element-c1aff23 elementor-widget elementor-widget-image\" data-id=\"c1aff23\" data-element_type=\"widget\" data-e-type=\"widget\" data-widget_type=\"image.default\">\n\t\t\t\t<div class=\"elementor-widget-container\">\n\t\t\t\t\t\t\t\t\t\t\t\t\t\t\t<img loading=\"lazy\" decoding=\"async\" width=\"1024\" height=\"240\" src=\"https:\/\/roksal.com\/wp-content\/uploads\/2024\/10\/BARVNA_LESTVICA_2_polna-1024x240.png\" class=\"attachment-large size-large wp-image-6518\" alt=\"\" srcset=\"https:\/\/roksal.com\/wp-content\/uploads\/2024\/10\/BARVNA_LESTVICA_2_polna-1024x240.png 1024w, https:\/\/roksal.com\/wp-content\/uploads\/2024\/10\/BARVNA_LESTVICA_2_polna-300x70.png 300w, https:\/\/roksal.com\/wp-content\/uploads\/2024\/10\/BARVNA_LESTVICA_2_polna-768x180.png 768w, https:\/\/roksal.com\/wp-content\/uploads\/2024\/10\/BARVNA_LESTVICA_2_polna-1536x360.png 1536w, https:\/\/roksal.com\/wp-content\/uploads\/2024\/10\/BARVNA_LESTVICA_2_polna-2048x480.png 2048w\" sizes=\"(max-width: 1024px) 100vw, 1024px\">\t\t\t\t\t\t\t\t\t\t\t\t\t\t\t<\/div>\n\t\t\t\t<\/div>\n\t\t\t\t<div class=\"elementor-element elementor-element-cd9aebe elementor-widget elementor-widget-text-editor\" data-id=\"cd9aebe\" data-element_type=\"widget\" data-e-type=\"widget\" data-widget_type=\"text-editor.default\">\n\t\t\t\t<div class=\"elementor-widget-container\">\n\t\t\t\t\t\t\t\t\t<p>** Bei Eiche Rustikal und Nussbaum Rustikal, die ein mehrfarbiges Aussehen haben, k\u00f6nnen der Farbton und das Muster der Flecken zwischen den einzelnen Brettern und Chargen deutlicher variieren.<\/p>\t\t\t\t\t\t\t\t<\/div>\n\t\t\t\t<\/div>\n\t\t\t\t<div class=\"elementor-element elementor-element-0df6f43 elementor-widget elementor-widget-spacer\" data-id=\"0df6f43\" data-element_type=\"widget\" data-e-type=\"widget\" data-widget_type=\"spacer.default\">\n\t\t\t\t<div class=\"elementor-widget-container\">\n\t\t\t\t\t\t\t<div class=\"elementor-spacer\">\n\t\t\t<div class=\"elementor-spacer-inner\"><\/div>\n\t\t<\/div>\n\t\t\t\t\t\t<\/div>\n\t\t\t\t<\/div>\n\t\t\t\t<div class=\"elementor-element elementor-element-a8e7967 elementor-widget elementor-widget-heading\" data-id=\"a8e7967\" data-element_type=\"widget\" data-e-type=\"widget\" data-widget_type=\"heading.default\">\n\t\t\t\t<div class=\"elementor-widget-container\">\n\t\t\t\t\t<h2 class=\"elementor-heading-title elementor-size-default\">Bretter f\u00fcr Pfahlzaun - Profil FULL PLANK - 57\/32:<\/h2>\t\t\t\t<\/div>\n\t\t\t\t<\/div>\n\t\t\t\t<div class=\"elementor-element elementor-element-e50fb62 elementor-widget elementor-widget-text-editor\" data-id=\"e50fb62\" data-element_type=\"widget\" data-e-type=\"widget\" data-widget_type=\"text-editor.default\">\n\t\t\t\t<div class=\"elementor-widget-container\">\n\t\t\t\t\t\t\t\t\t<p style=\"font-size: 20px; font-style: normal;\"><span style=\"font-weight: 400;\">Diese Bretter sind nur geeignet f\u00fcr <\/span><b>vertikalen Zaun<\/b>. Drei Farben sind derzeit verf\u00fcgbar:<\/p>\t\t\t\t\t\t\t\t<\/div>\n\t\t\t\t<\/div>\n\t\t\t\t<div class=\"elementor-element elementor-element-a1f1ff6 elementor-widget elementor-widget-image\" data-id=\"a1f1ff6\" data-element_type=\"widget\" data-e-type=\"widget\" data-widget_type=\"image.default\">\n\t\t\t\t<div class=\"elementor-widget-container\">\n\t\t\t\t\t\t\t\t\t\t\t\t\t\t\t<img loading=\"lazy\" decoding=\"async\" width=\"1024\" height=\"312\" src=\"https:\/\/roksal.com\/wp-content\/uploads\/2026\/03\/BARVNA_LESTVICA_polna-deska_oak-1024x312.png\" class=\"attachment-large size-large wp-image-12194\" alt=\"\" srcset=\"https:\/\/roksal.com\/wp-content\/uploads\/2026\/03\/BARVNA_LESTVICA_polna-deska_oak-1024x312.png 1024w, https:\/\/roksal.com\/wp-content\/uploads\/2026\/03\/BARVNA_LESTVICA_polna-deska_oak-300x91.png 300w, https:\/\/roksal.com\/wp-content\/uploads\/2026\/03\/BARVNA_LESTVICA_polna-deska_oak-768x234.png 768w, https:\/\/roksal.com\/wp-content\/uploads\/2026\/03\/BARVNA_LESTVICA_polna-deska_oak-1536x468.png 1536w, https:\/\/roksal.com\/wp-content\/uploads\/2026\/03\/BARVNA_LESTVICA_polna-deska_oak-2048x624.png 2048w, https:\/\/roksal.com\/wp-content\/uploads\/2026\/03\/BARVNA_LESTVICA_polna-deska_oak-18x5.png 18w\" sizes=\"(max-width: 1024px) 100vw, 1024px\">\t\t\t\t\t\t\t\t\t\t\t\t\t\t\t<\/div>\n\t\t\t\t<\/div>\n\t\t\t\t<div class=\"elementor-element elementor-element-107a508 elementor-widget elementor-widget-text-editor\" data-id=\"107a508\" data-element_type=\"widget\" data-e-type=\"widget\" data-widget_type=\"text-editor.default\">\n\t\t\t\t<div class=\"elementor-widget-container\">\n\t\t\t\t\t\t\t\t\t<p>** Bei Eiche Rustikal und Nussbaum Rustikal, die ein mehrfarbiges Aussehen haben, k\u00f6nnen der Farbton und das Muster der Flecken zwischen den einzelnen Brettern und Chargen deutlicher variieren.<\/p>\t\t\t\t\t\t\t\t<\/div>\n\t\t\t\t<\/div>\n\t\t\t\t<div class=\"elementor-element elementor-element-0ba1fe5 elementor-widget elementor-widget-spacer\" data-id=\"0ba1fe5\" data-element_type=\"widget\" data-e-type=\"widget\" data-widget_type=\"spacer.default\">\n\t\t\t\t<div class=\"elementor-widget-container\">\n\t\t\t\t\t\t\t<div class=\"elementor-spacer\">\n\t\t\t<div class=\"elementor-spacer-inner\"><\/div>\n\t\t<\/div>\n\t\t\t\t\t\t<\/div>\n\t\t\t\t<\/div>\n\t\t\t\t<div class=\"elementor-element elementor-element-f30a714 elementor-widget elementor-widget-heading\" data-id=\"f30a714\" data-element_type=\"widget\" data-e-type=\"widget\" data-widget_type=\"heading.default\">\n\t\t\t\t<div class=\"elementor-widget-container\">\n\t\t\t\t\t<h2 class=\"elementor-heading-title elementor-size-default\">Bretter f\u00fcr vertikale und horizontale Z\u00e4une - Profil Vollprofil 128:<\/h2>\t\t\t\t<\/div>\n\t\t\t\t<\/div>\n\t\t\t\t<div class=\"elementor-element elementor-element-392ed12 elementor-widget elementor-widget-text-editor\" data-id=\"392ed12\" data-element_type=\"widget\" data-e-type=\"widget\" data-widget_type=\"text-editor.default\">\n\t\t\t\t<div class=\"elementor-widget-container\">\n\t\t\t\t\t\t\t\t\t<p style=\"font-size: 20px; font-style: normal; font-weight: 400;\">Dieses Profil kann f\u00fcr horizontale oder vertikale Z\u00e4une verwendet werden. Sie k\u00f6nnen zwischen f\u00fcnf Farbt\u00f6nen w\u00e4hlen:<\/p>\t\t\t\t\t\t\t\t<\/div>\n\t\t\t\t<\/div>\n\t\t\t\t<div class=\"elementor-element elementor-element-27a0f8c elementor-widget elementor-widget-image\" data-id=\"27a0f8c\" data-element_type=\"widget\" data-e-type=\"widget\" data-widget_type=\"image.default\">\n\t\t\t\t<div class=\"elementor-widget-container\">\n\t\t\t\t\t\t\t\t\t\t\t\t\t\t\t<img loading=\"lazy\" decoding=\"async\" width=\"1024\" height=\"273\" src=\"https:\/\/roksal.com\/wp-content\/uploads\/2024\/09\/BARVNA_LESTVICA_4-polna-128-4-1024x273.png\" class=\"attachment-large size-large wp-image-6278\" alt=\"Farbpalette der Farbt\u00f6ne von WPC-Platten f\u00fcr Brett 128\" srcset=\"https:\/\/roksal.com\/wp-content\/uploads\/2024\/09\/BARVNA_LESTVICA_4-polna-128-4-1024x273.png 1024w, https:\/\/roksal.com\/wp-content\/uploads\/2024\/09\/BARVNA_LESTVICA_4-polna-128-4-300x80.png 300w, https:\/\/roksal.com\/wp-content\/uploads\/2024\/09\/BARVNA_LESTVICA_4-polna-128-4-768x205.png 768w, https:\/\/roksal.com\/wp-content\/uploads\/2024\/09\/BARVNA_LESTVICA_4-polna-128-4-1536x410.png 1536w, https:\/\/roksal.com\/wp-content\/uploads\/2024\/09\/BARVNA_LESTVICA_4-polna-128-4-2048x547.png 2048w\" sizes=\"(max-width: 1024px) 100vw, 1024px\" \/>\t\t\t\t\t\t\t\t\t\t\t\t\t\t\t<\/div>\n\t\t\t\t<\/div>\n\t\t\t\t<div class=\"elementor-element elementor-element-3d28f01 elementor-widget elementor-widget-text-editor\" data-id=\"3d28f01\" data-element_type=\"widget\" data-e-type=\"widget\" data-widget_type=\"text-editor.default\">\n\t\t\t\t<div class=\"elementor-widget-container\">\n\t\t\t\t\t\t\t\t\t<p>** Bei Eiche Rustikal und Nussbaum Rustikal, die ein mehrfarbiges Aussehen haben, k\u00f6nnen der Farbton und das Muster der Flecken zwischen den einzelnen Brettern und Chargen deutlicher variieren.<\/p>\t\t\t\t\t\t\t\t<\/div>\n\t\t\t\t<\/div>\n\t\t\t\t\t<\/div>\n\t\t<\/div>\n\t\t\t\t\t<\/div>\n\t\t<\/section>\n\t\t\t\t<section class=\"elementor-section elementor-top-section elementor-element elementor-element-511bb4f elementor-section-boxed elementor-section-height-default elementor-section-height-default\" data-id=\"511bb4f\" data-element_type=\"section\" data-e-type=\"section\">\n\t\t\t\t\t\t<div class=\"elementor-container elementor-column-gap-default\">\n\t\t\t\t\t<div class=\"elementor-column elementor-col-100 elementor-top-column elementor-element elementor-element-ceb0795\" data-id=\"ceb0795\" data-element_type=\"column\" data-e-type=\"column\">\n\t\t\t<div class=\"elementor-widget-wrap elementor-element-populated\">\n\t\t\t\t\t\t<div class=\"elementor-element elementor-element-47c379b elementor-widget elementor-widget-heading\" data-id=\"47c379b\" data-element_type=\"widget\" data-e-type=\"widget\" data-widget_type=\"heading.default\">\n\t\t\t\t<div class=\"elementor-widget-container\">\n\t\t\t\t\t<h2 class=\"elementor-heading-title elementor-size-default\">Kostenlose Proben werden per Post verschickt. <br> Wir empfehlen unseren Kunden, die Farbmuster zu \u00fcberpr\u00fcfen, bevor sie ihre Bestellung pers\u00f6nlich best\u00e4tigen,\nda die Farben online und im Katalog nicht mit den Farben auf dem Brett identisch sind. <br>Auch die Farbe der einzelnen Bretter kann von Charge zu Charge variieren und leicht von der Master abweichen.<\/h2>\t\t\t\t<\/div>\n\t\t\t\t<\/div>\n\t\t\t\t\t<\/div>\n\t\t<\/div>\n\t\t\t\t\t<\/div>\n\t\t<\/section>\n\t\t\t\t<\/div>","protected":false},"excerpt":{"rendered":"<p>BARVNI ODTENKI WoodCore Deske za teraso in ograjo &#8211; TERASNI profil: Izbirate lahko med sedmimi barvnimi odtenki in tremi povr\u0161inami. Deske imajo na eni strani rebra bolj na gosto, na drugi pa na \u0161iroko. Le Rustic deske so na eni strani popolnoma gladke, na drugi strani pa gosto rebri\u010dene. ** Pri odtenkih Rustic Oak in [&hellip;]<\/p>\n","protected":false},"author":1,"featured_media":0,"parent":28,"menu_order":0,"comment_status":"closed","ping_status":"closed","template":"","meta":{"site-sidebar-layout":"no-sidebar","site-content-layout":"page-builder","ast-site-content-layout":"default","site-content-style":"default","site-sidebar-style":"default","ast-global-header-display":"","ast-banner-title-visibility":"","ast-main-header-display":"","ast-hfb-above-header-display":"","ast-hfb-below-header-display":"","ast-hfb-mobile-header-display":"","site-post-title":"disabled","ast-breadcrumbs-content":"","ast-featured-img":"disabled","footer-sml-layout":"","ast-disable-related-posts":"","theme-transparent-header-meta":"default","adv-header-id-meta":"","stick-header-meta":"","header-above-stick-meta":"","header-main-stick-meta":"","header-below-stick-meta":"","astra-migrate-meta-layouts":"default","ast-page-background-enabled":"default","ast-page-background-meta":{"desktop":{"background-color":"","background-image":"","background-repeat":"repeat","background-position":"center center","background-size":"auto","background-attachment":"scroll","background-type":"","background-media":"","overlay-type":"","overlay-color":"","overlay-opacity":"","overlay-gradient":""},"tablet":{"background-color":"","background-image":"","background-repeat":"repeat","background-position":"center center","background-size":"auto","background-attachment":"scroll","background-type":"","background-media":"","overlay-type":"","overlay-color":"","overlay-opacity":"","overlay-gradient":""},"mobile":{"background-color":"","background-image":"","background-repeat":"repeat","background-position":"center center","background-size":"auto","background-attachment":"scroll","background-type":"","background-media":"","overlay-type":"","overlay-color":"","overlay-opacity":"","overlay-gradient":""}},"ast-content-background-meta":{"desktop":{"background-color":"var(--ast-global-color-5)","background-image":"","background-repeat":"repeat","background-position":"center center","background-size":"auto","background-attachment":"scroll","background-type":"","background-media":"","overlay-type":"","overlay-color":"","overlay-opacity":"","overlay-gradient":""},"tablet":{"background-color":"var(--ast-global-color-5)","background-image":"","background-repeat":"repeat","background-position":"center center","background-size":"auto","background-attachment":"scroll","background-type":"","background-media":"","overlay-type":"","overlay-color":"","overlay-opacity":"","overlay-gradient":""},"mobile":{"background-color":"var(--ast-global-color-5)","background-image":"","background-repeat":"repeat","background-position":"center center","background-size":"auto","background-attachment":"scroll","background-type":"","background-media":"","overlay-type":"","overlay-color":"","overlay-opacity":"","overlay-gradient":""}},"footnotes":""},"class_list":["post-368","page","type-page","status-publish","hentry"],"_links":{"self":[{"href":"https:\/\/roksal.com\/de\/wp-json\/wp\/v2\/pages\/368","targetHints":{"allow":["GET"]}}],"collection":[{"href":"https:\/\/roksal.com\/de\/wp-json\/wp\/v2\/pages"}],"about":[{"href":"https:\/\/roksal.com\/de\/wp-json\/wp\/v2\/types\/page"}],"author":[{"embeddable":true,"href":"https:\/\/roksal.com\/de\/wp-json\/wp\/v2\/users\/1"}],"replies":[{"embeddable":true,"href":"https:\/\/roksal.com\/de\/wp-json\/wp\/v2\/comments?post=368"}],"version-history":[{"count":175,"href":"https:\/\/roksal.com\/de\/wp-json\/wp\/v2\/pages\/368\/revisions"}],"predecessor-version":[{"id":12197,"href":"https:\/\/roksal.com\/de\/wp-json\/wp\/v2\/pages\/368\/revisions\/12197"}],"up":[{"embeddable":true,"href":"https:\/\/roksal.com\/de\/wp-json\/wp\/v2\/pages\/28"}],"wp:attachment":[{"href":"https:\/\/roksal.com\/de\/wp-json\/wp\/v2\/media?parent=368"}],"curies":[{"name":"WP","href":"https:\/\/api.w.org\/{rel}","templated":true}]}}