{"id":145,"date":"2020-03-23T07:09:01","date_gmt":"2020-03-23T06:09:01","guid":{"rendered":"https:\/\/roksal.com\/?page_id=145"},"modified":"2026-03-02T10:50:26","modified_gmt":"2026-03-02T09:50:26","slug":"opening-hours","status":"publish","type":"page","link":"https:\/\/roksal.com\/en\/opening-hours\/","title":{"rendered":"Opening hours"},"content":{"rendered":"<div data-elementor-type=\"wp-page\" data-elementor-id=\"145\" class=\"elementor elementor-145\" data-elementor-post-type=\"page\">\n\t\t\t\t\t\t<section class=\"elementor-section elementor-top-section elementor-element elementor-element-8bf44a4 elementor-section-boxed elementor-section-height-default elementor-section-height-default\" data-id=\"8bf44a4\" data-element_type=\"section\" data-e-type=\"section\" data-settings=\"{&quot;background_background&quot;:&quot;classic&quot;}\">\n\t\t\t\t\t\t<div class=\"elementor-container elementor-column-gap-default\">\n\t\t\t\t\t<div class=\"elementor-column elementor-col-100 elementor-top-column elementor-element elementor-element-0cbde9f\" data-id=\"0cbde9f\" data-element_type=\"column\" data-e-type=\"column\" data-settings=\"{&quot;background_background&quot;:&quot;classic&quot;}\">\n\t\t\t<div class=\"elementor-widget-wrap elementor-element-populated\">\n\t\t\t\t\t\t<div class=\"elementor-element elementor-element-4b495340 elementor-widget elementor-widget-heading\" data-id=\"4b495340\" data-element_type=\"widget\" data-e-type=\"widget\" data-widget_type=\"heading.default\">\n\t\t\t\t<div class=\"elementor-widget-container\">\n\t\t\t\t\t<h4 class=\"elementor-heading-title elementor-size-default\">Contact us<\/h4>\t\t\t\t<\/div>\n\t\t\t\t<\/div>\n\t\t\t\t<section class=\"elementor-section elementor-inner-section elementor-element elementor-element-ac2de15 elementor-section-boxed elementor-section-height-default elementor-section-height-default\" data-id=\"ac2de15\" data-element_type=\"section\" data-e-type=\"section\" data-settings=\"{&quot;background_background&quot;:&quot;classic&quot;}\">\n\t\t\t\t\t\t<div class=\"elementor-container elementor-column-gap-default\">\n\t\t\t\t\t<div class=\"elementor-column elementor-col-50 elementor-inner-column elementor-element elementor-element-45d43a9\" data-id=\"45d43a9\" data-element_type=\"column\" data-e-type=\"column\">\n\t\t\t<div class=\"elementor-widget-wrap elementor-element-populated\">\n\t\t\t\t\t\t<section class=\"elementor-section elementor-inner-section elementor-element elementor-element-b411364 elementor-section-boxed elementor-section-height-default elementor-section-height-default\" data-id=\"b411364\" data-element_type=\"section\" data-e-type=\"section\">\n\t\t\t\t\t\t<div class=\"elementor-container elementor-column-gap-default\">\n\t\t\t\t\t<div class=\"elementor-column elementor-col-50 elementor-inner-column elementor-element elementor-element-162ff3c\" data-id=\"162ff3c\" data-element_type=\"column\" data-e-type=\"column\" data-settings=\"{&quot;background_background&quot;:&quot;classic&quot;}\">\n\t\t\t<div class=\"elementor-widget-wrap elementor-element-populated\">\n\t\t\t\t\t\t<div class=\"elementor-element elementor-element-51d77d1 elementor-widget elementor-widget-heading\" data-id=\"51d77d1\" data-element_type=\"widget\" data-e-type=\"widget\" data-widget_type=\"heading.default\">\n\t\t\t\t<div class=\"elementor-widget-container\">\n\t\t\t\t\t<div class=\"elementor-heading-title elementor-size-default\">SHOWROOM AND WAREHOUSE<\/div>\t\t\t\t<\/div>\n\t\t\t\t<\/div>\n\t\t\t\t<div class=\"elementor-element elementor-element-aed0841 elementor-widget elementor-widget-text-editor\" data-id=\"aed0841\" data-element_type=\"widget\" data-e-type=\"widget\" data-widget_type=\"text-editor.default\">\n\t\t\t\t<div class=\"elementor-widget-container\">\n\t\t\t\t\t\t\t\t\t<p><a href=\"https:\/\/maps.app.goo.gl\/FZhcgDSM1gHzZFGq5\" target=\"_blank\" rel=\"noopener\">Savska Loka 21<\/a><br \/><a href=\"https:\/\/maps.app.goo.gl\/FZhcgDSM1gHzZFGq5\" target=\"_blank\" rel=\"noopener\"><span style=\"color: var( --e-global-color-411aa0 ); font-family: var( --e-global-typography-text-font-family ), Sans-serif; font-size: 20px;\">4000 Kranj<\/span><\/a><\/p><p><span style=\"color: var( --e-global-color-411aa0 ); font-family: var( --e-global-typography-text-font-family ), Sans-serif; font-size: 20px;\">WARNING -\u00a0<\/span><span style=\"color: var( --e-global-color-411aa0 ); font-family: var( --e-global-typography-text-font-family ), Sans-serif; font-size: 20px;\">To navigate, use <strong>Google map: enter Roksal<\/strong> and the navigation will take you to the right part of the building. If you enter Savska Loka 21, it will take you to the other part of the building. <strong>We also recommend clicking on the picture of the building<\/strong> bottom right for a better idea of where the entrance is.<\/span><\/p><p><span style=\"font-size: 20px; font-style: normal; font-weight: 400;\">We are located in the tallest green building in the zone - the former Planika.\u00a0<\/span><span style=\"font-size: 20px; font-style: normal; font-weight: 400; color: var( --e-global-color-411aa0 ); font-family: var( --e-global-typography-text-font-family ), Sans-serif;\">The entrance to the office is at the south of the building.<br \/><\/span><span style=\"font-size: 20px; font-style: normal; font-weight: 400; color: var( --e-global-color-411aa0 ); font-family: var( --e-global-typography-text-font-family ), Sans-serif;\">The loading ramp is on the west side of the building.<\/span><span style=\"color: var( --e-global-color-411aa0 ); font-family: var( --e-global-typography-text-font-family ), Sans-serif; font-size: 20px;\"><br \/><\/span><\/p>\t\t\t\t\t\t\t\t<\/div>\n\t\t\t\t<\/div>\n\t\t\t\t\t<\/div>\n\t\t<\/div>\n\t\t\t\t<div class=\"elementor-column elementor-col-50 elementor-inner-column elementor-element elementor-element-1bafc9b\" data-id=\"1bafc9b\" data-element_type=\"column\" data-e-type=\"column\">\n\t\t\t<div class=\"elementor-widget-wrap elementor-element-populated\">\n\t\t\t\t\t\t<div class=\"elementor-element elementor-element-72b4914 elementor-widget elementor-widget-heading\" data-id=\"72b4914\" data-element_type=\"widget\" data-e-type=\"widget\" data-widget_type=\"heading.default\">\n\t\t\t\t<div class=\"elementor-widget-container\">\n\t\t\t\t\t<div class=\"elementor-heading-title elementor-size-default\">REGISTERED OFFICE<\/div>\t\t\t\t<\/div>\n\t\t\t\t<\/div>\n\t\t\t\t<div class=\"elementor-element elementor-element-cf8d7fd elementor-widget elementor-widget-text-editor\" data-id=\"cf8d7fd\" data-element_type=\"widget\" data-e-type=\"widget\" data-widget_type=\"text-editor.default\">\n\t\t\t\t<div class=\"elementor-widget-container\">\n\t\t\t\t\t\t\t\t\t<p>ROKSAL d.o.o.<\/p>\n<p>Zgornje Bitnje 186<br><span style=\"font-size: 20px; font-style: normal; font-weight: 400; color: var( --e-global-color-411aa0 ); font-family: var( --e-global-typography-text-font-family ), Sans-serif;\">4209 \u017dabnica<br><\/span><span style=\"font-size: 20px; font-style: normal; color: var( --e-global-color-411aa0 ); font-family: var( --e-global-typography-text-font-family ), Sans-serif;\"><br>ATTENTION! There is no longer an office at the registered office <b>\u2013 please visit us in the showroom.<\/b><\/span><span style=\"font-size: 20px; font-style: normal; font-weight: 400; color: var( --e-global-color-411aa0 ); font-family: var( --e-global-typography-text-font-family ), Sans-serif;\"><br><\/span><\/p>\t\t\t\t\t\t\t\t<\/div>\n\t\t\t\t<\/div>\n\t\t\t\t\t<\/div>\n\t\t<\/div>\n\t\t\t\t\t<\/div>\n\t\t<\/section>\n\t\t\t\t<section class=\"elementor-section elementor-inner-section elementor-element elementor-element-156bfc0 elementor-section-boxed elementor-section-height-default elementor-section-height-default\" data-id=\"156bfc0\" data-element_type=\"section\" data-e-type=\"section\">\n\t\t\t\t\t\t<div class=\"elementor-container elementor-column-gap-default\">\n\t\t\t\t\t<div class=\"elementor-column elementor-col-50 elementor-inner-column elementor-element elementor-element-5a96e61\" data-id=\"5a96e61\" data-element_type=\"column\" data-e-type=\"column\">\n\t\t\t<div class=\"elementor-widget-wrap elementor-element-populated\">\n\t\t\t\t\t\t<div class=\"elementor-element elementor-element-a1e6a7d elementor-widget elementor-widget-heading\" data-id=\"a1e6a7d\" data-element_type=\"widget\" data-e-type=\"widget\" data-widget_type=\"heading.default\">\n\t\t\t\t<div class=\"elementor-widget-container\">\n\t\t\t\t\t<div class=\"elementor-heading-title elementor-size-default\">Opening hours:<\/div>\t\t\t\t<\/div>\n\t\t\t\t<\/div>\n\t\t\t\t<div class=\"elementor-element elementor-element-9f9a66c elementor-widget__width-initial elementor-widget elementor-widget-text-editor\" data-id=\"9f9a66c\" data-element_type=\"widget\" data-e-type=\"widget\" data-widget_type=\"text-editor.default\">\n\t\t\t\t<div class=\"elementor-widget-container\">\n\t\t\t\t\t\t\t\t\t<p><strong>MON, THURS, THURS:<\/strong> 7:30 - 15:30<\/p><p><strong>WED:<\/strong> 7:30-15:30 (until 18:00 by arrangement - <strong data-start=\"139\" data-end=\"153\">the showroom only<\/strong>)<\/p><p><strong>FRI:<\/strong> 7:30 \u2013 14:00<\/p><p>SAT, SUN and public holidays: closed<\/p>\t\t\t\t\t\t\t\t<\/div>\n\t\t\t\t<\/div>\n\t\t\t\t\t<\/div>\n\t\t<\/div>\n\t\t\t\t<div class=\"elementor-column elementor-col-50 elementor-inner-column elementor-element elementor-element-6e62a3f\" data-id=\"6e62a3f\" data-element_type=\"column\" data-e-type=\"column\">\n\t\t\t<div class=\"elementor-widget-wrap elementor-element-populated\">\n\t\t\t\t\t\t<div class=\"elementor-element elementor-element-203882b elementor-widget elementor-widget-heading\" data-id=\"203882b\" data-element_type=\"widget\" data-e-type=\"widget\" data-widget_type=\"heading.default\">\n\t\t\t\t<div class=\"elementor-widget-container\">\n\t\t\t\t\t<div class=\"elementor-heading-title elementor-size-default\">Contact us<\/div>\t\t\t\t<\/div>\n\t\t\t\t<\/div>\n\t\t\t\t<div class=\"elementor-element elementor-element-8feb6b8 elementor-widget__width-initial elementor-widget elementor-widget-text-editor\" data-id=\"8feb6b8\" data-element_type=\"widget\" data-e-type=\"widget\" data-widget_type=\"text-editor.default\">\n\t\t\t\t<div class=\"elementor-widget-container\">\n\t\t\t\t\t\t\t\t\t<p><span style=\"font-size: 20px; font-style: normal; font-weight: 400;\"><a href=\"tel:064123030\">064-123-030<\/a> - facades and fences<br \/><\/span><span style=\"font-size: 20px; color: var( --e-global-color-411aa0 ); font-family: var( --e-global-typography-text-font-family ), Sans-serif;\"><br \/><a href=\"tel:064123020\">064-123-020<\/a> - terraces<br \/><br \/><\/span><span style=\"font-size: 20px; font-style: normal; font-weight: 400;\">Email : <a href=\"mailto:info@roksal.com\">info@roksal.com<\/a><\/span><span style=\"font-size: 20px; color: var( --e-global-color-411aa0 ); font-family: var( --e-global-typography-text-font-family ), Sans-serif;\"><br \/><\/span><\/p>\t\t\t\t\t\t\t\t<\/div>\n\t\t\t\t<\/div>\n\t\t\t\t<div class=\"elementor-element elementor-element-498925b elementor-widget elementor-widget-heading\" data-id=\"498925b\" data-element_type=\"widget\" data-e-type=\"widget\" data-widget_type=\"heading.default\">\n\t\t\t\t<div class=\"elementor-widget-container\">\n\t\t\t\t\t<div class=\"elementor-heading-title elementor-size-default\">follow us<\/div>\t\t\t\t<\/div>\n\t\t\t\t<\/div>\n\t\t\t\t<div class=\"elementor-element elementor-element-c2f0292 elementor-shape-square e-grid-align-left elementor-grid-0 elementor-widget elementor-widget-social-icons\" data-id=\"c2f0292\" data-element_type=\"widget\" data-e-type=\"widget\" data-widget_type=\"social-icons.default\">\n\t\t\t\t<div class=\"elementor-widget-container\">\n\t\t\t\t\t\t\t<div class=\"elementor-social-icons-wrapper elementor-grid\" role=\"list\">\n\t\t\t\t\t\t\t<span class=\"elementor-grid-item\" role=\"listitem\">\n\t\t\t\t\t<a class=\"elementor-icon elementor-social-icon elementor-social-icon-facebook-f elementor-animation-grow elementor-repeater-item-2d0da0c\" href=\"https:\/\/www.facebook.com\/wpcteraseograjefasade\" target=\"_blank\" rel=\"noopener\">\n\t\t\t\t\t\t<span class=\"elementor-screen-only\">Facebook-f<\/span>\n\t\t\t\t\t\t<i aria-hidden=\"true\" class=\"fab fa-facebook-f\"><\/i>\t\t\t\t\t<\/a>\n\t\t\t\t<\/span>\n\t\t\t\t\t\t\t<span class=\"elementor-grid-item\" role=\"listitem\">\n\t\t\t\t\t<a class=\"elementor-icon elementor-social-icon elementor-social-icon-instagram elementor-animation-grow elementor-repeater-item-2fb9107\" href=\"https:\/\/www.instagram.com\/wpcdeske.roksal\/\" target=\"_blank\" rel=\"noopener\">\n\t\t\t\t\t\t<span class=\"elementor-screen-only\">Instagram<\/span>\n\t\t\t\t\t\t<i aria-hidden=\"true\" class=\"fab fa-instagram\"><\/i>\t\t\t\t\t<\/a>\n\t\t\t\t<\/span>\n\t\t\t\t\t<\/div>\n\t\t\t\t\t\t<\/div>\n\t\t\t\t<\/div>\n\t\t\t\t\t<\/div>\n\t\t<\/div>\n\t\t\t\t\t<\/div>\n\t\t<\/section>\n\t\t\t\t\t<\/div>\n\t\t<\/div>\n\t\t\t\t<div class=\"elementor-column elementor-col-50 elementor-inner-column elementor-element elementor-element-fee13c7\" data-id=\"fee13c7\" data-element_type=\"column\" data-e-type=\"column\">\n\t\t\t<div class=\"elementor-widget-wrap elementor-element-populated\">\n\t\t\t\t\t\t<div class=\"elementor-element elementor-element-7d63f5f1 elementor-widget__width-initial elementor-widget elementor-widget-google_maps\" data-id=\"7d63f5f1\" data-element_type=\"widget\" data-e-type=\"widget\" data-widget_type=\"google_maps.default\">\n\t\t\t\t<div class=\"elementor-widget-container\">\n\t\t\t\t\t\t\t<div class=\"elementor-custom-embed\">\n\t\t\t<iframe loading=\"lazy\"\n\t\t\t\t\tsrc=\"https:\/\/maps.google.com\/maps?q=Roksal&#038;t=m&#038;z=17&#038;output=embed&#038;iwloc=near\"\n\t\t\t\t\ttitle=\"Roksal\"\n\t\t\t\t\taria-label=\"Roksal\"\n\t\t\t><\/iframe>\n\t\t<\/div>\n\t\t\t\t\t\t<\/div>\n\t\t\t\t<\/div>\n\t\t\t\t<div class=\"elementor-element elementor-element-0f837a3 elementor-widget elementor-widget-image\" data-id=\"0f837a3\" data-element_type=\"widget\" data-e-type=\"widget\" data-widget_type=\"image.default\">\n\t\t\t\t<div class=\"elementor-widget-container\">\n\t\t\t\t\t\t\t\t\t\t\t\t\t\t\t\t<a href=\"https:\/\/roksal.com\/wp-content\/uploads\/2021\/12\/ROKSAL-salon-skladisce-pisarne.jpg\" data-elementor-open-lightbox=\"yes\" data-e-action-hash=\"#elementor-action%3Aaction%3Dlightbox%26settings%3DeyJpZCI6MzAyMiwidXJsIjoiaHR0cHM6XC9cL3Jva3NhbC5jb21cL3dwLWNvbnRlbnRcL3VwbG9hZHNcLzIwMjFcLzEyXC9ST0tTQUwtc2Fsb24tc2tsYWRpc2NlLXBpc2FybmUuanBnIn0%3D\">\n\t\t\t\t\t\t\t<img fetchpriority=\"high\" decoding=\"async\" width=\"1024\" height=\"576\" src=\"https:\/\/roksal.com\/wp-content\/uploads\/2021\/12\/ROKSAL-salon-skladisce-pisarne-1024x576.jpg\" class=\"attachment-large size-large wp-image-3022\" alt=\"\" srcset=\"https:\/\/roksal.com\/wp-content\/uploads\/2021\/12\/ROKSAL-salon-skladisce-pisarne-1024x576.jpg 1024w, https:\/\/roksal.com\/wp-content\/uploads\/2021\/12\/ROKSAL-salon-skladisce-pisarne-300x169.jpg 300w, https:\/\/roksal.com\/wp-content\/uploads\/2021\/12\/ROKSAL-salon-skladisce-pisarne-768x432.jpg 768w, https:\/\/roksal.com\/wp-content\/uploads\/2021\/12\/ROKSAL-salon-skladisce-pisarne-1536x864.jpg 1536w, https:\/\/roksal.com\/wp-content\/uploads\/2021\/12\/ROKSAL-salon-skladisce-pisarne.jpg 1920w\" sizes=\"(max-width: 1024px) 100vw, 1024px\">\t\t\t\t\t\t\t\t<\/a>\n\t\t\t\t\t\t\t\t\t\t\t\t\t\t\t<\/div>\n\t\t\t\t<\/div>\n\t\t\t\t\t<\/div>\n\t\t<\/div>\n\t\t\t\t\t<\/div>\n\t\t<\/section>\n\t\t\t\t\t<\/div>\n\t\t<\/div>\n\t\t\t\t\t<\/div>\n\t\t<\/section>\n\t\t\t\t<\/div>","protected":false},"excerpt":{"rendered":"<p>Stopite v stik z nami SALON, pisarne IN SKLADI\u0160\u010cE Savska Loka 214000 Kranj POZOR &#8211;\u00a0Za navigacijo uporabite Google zemljevid: vpi\u0161ite Roksal in vas bo navigacija pripeljala na pravi del stavbe. \u010ce boste vpisali Savska Loka 21, vas bo pripeljalo na drugi del stavbe. Priporo\u010damo tudi klik na sliko stavbe spodaj desno za la\u017ejo predstavo kje [&hellip;]<\/p>\n","protected":false},"author":1,"featured_media":0,"parent":0,"menu_order":0,"comment_status":"closed","ping_status":"closed","template":"","meta":{"site-sidebar-layout":"no-sidebar","site-content-layout":"page-builder","ast-site-content-layout":"default","site-content-style":"default","site-sidebar-style":"default","ast-global-header-display":"","ast-banner-title-visibility":"","ast-main-header-display":"","ast-hfb-above-header-display":"","ast-hfb-below-header-display":"","ast-hfb-mobile-header-display":"","site-post-title":"disabled","ast-breadcrumbs-content":"","ast-featured-img":"disabled","footer-sml-layout":"","ast-disable-related-posts":"","theme-transparent-header-meta":"default","adv-header-id-meta":"","stick-header-meta":"","header-above-stick-meta":"","header-main-stick-meta":"","header-below-stick-meta":"","astra-migrate-meta-layouts":"default","ast-page-background-enabled":"default","ast-page-background-meta":{"desktop":{"background-color":"","background-image":"","background-repeat":"repeat","background-position":"center center","background-size":"auto","background-attachment":"scroll","background-type":"","background-media":"","overlay-type":"","overlay-color":"","overlay-opacity":"","overlay-gradient":""},"tablet":{"background-color":"","background-image":"","background-repeat":"repeat","background-position":"center center","background-size":"auto","background-attachment":"scroll","background-type":"","background-media":"","overlay-type":"","overlay-color":"","overlay-opacity":"","overlay-gradient":""},"mobile":{"background-color":"","background-image":"","background-repeat":"repeat","background-position":"center center","background-size":"auto","background-attachment":"scroll","background-type":"","background-media":"","overlay-type":"","overlay-color":"","overlay-opacity":"","overlay-gradient":""}},"ast-content-background-meta":{"desktop":{"background-color":"var(--ast-global-color-5)","background-image":"","background-repeat":"repeat","background-position":"center center","background-size":"auto","background-attachment":"scroll","background-type":"","background-media":"","overlay-type":"","overlay-color":"","overlay-opacity":"","overlay-gradient":""},"tablet":{"background-color":"var(--ast-global-color-5)","background-image":"","background-repeat":"repeat","background-position":"center center","background-size":"auto","background-attachment":"scroll","background-type":"","background-media":"","overlay-type":"","overlay-color":"","overlay-opacity":"","overlay-gradient":""},"mobile":{"background-color":"var(--ast-global-color-5)","background-image":"","background-repeat":"repeat","background-position":"center center","background-size":"auto","background-attachment":"scroll","background-type":"","background-media":"","overlay-type":"","overlay-color":"","overlay-opacity":"","overlay-gradient":""}},"footnotes":""},"class_list":["post-145","page","type-page","status-publish","hentry"],"_links":{"self":[{"href":"https:\/\/roksal.com\/en\/wp-json\/wp\/v2\/pages\/145","targetHints":{"allow":["GET"]}}],"collection":[{"href":"https:\/\/roksal.com\/en\/wp-json\/wp\/v2\/pages"}],"about":[{"href":"https:\/\/roksal.com\/en\/wp-json\/wp\/v2\/types\/page"}],"author":[{"embeddable":true,"href":"https:\/\/roksal.com\/en\/wp-json\/wp\/v2\/users\/1"}],"replies":[{"embeddable":true,"href":"https:\/\/roksal.com\/en\/wp-json\/wp\/v2\/comments?post=145"}],"version-history":[{"count":406,"href":"https:\/\/roksal.com\/en\/wp-json\/wp\/v2\/pages\/145\/revisions"}],"predecessor-version":[{"id":12186,"href":"https:\/\/roksal.com\/en\/wp-json\/wp\/v2\/pages\/145\/revisions\/12186"}],"wp:attachment":[{"href":"https:\/\/roksal.com\/en\/wp-json\/wp\/v2\/media?parent=145"}],"curies":[{"name":"wp","href":"https:\/\/api.w.org\/{rel}","templated":true}]}}