{"id":147,"date":"2020-03-23T07:09:55","date_gmt":"2020-03-23T06:09:55","guid":{"rendered":"https:\/\/roksal.com\/?page_id=147"},"modified":"2025-11-27T09:58:20","modified_gmt":"2025-11-27T08:58:20","slug":"delivery-wpc-boards","status":"publish","type":"page","link":"https:\/\/roksal.com\/en\/delivery-wpc-boards\/","title":{"rendered":"Delivery"},"content":{"rendered":"<div data-elementor-type=\"wp-page\" data-elementor-id=\"147\" class=\"elementor elementor-147\" data-elementor-post-type=\"page\">\n\t\t\t\t\t\t<section class=\"elementor-section elementor-top-section elementor-element elementor-element-118ee703 elementor-section-full_width elementor-section-height-default elementor-section-height-default\" data-id=\"118ee703\" data-element_type=\"section\" data-e-type=\"section\">\n\t\t\t\t\t\t<div class=\"elementor-container elementor-column-gap-no\">\n\t\t\t\t\t<div class=\"elementor-column elementor-col-100 elementor-top-column elementor-element elementor-element-42ddf65f\" data-id=\"42ddf65f\" data-element_type=\"column\" data-e-type=\"column\">\n\t\t\t<div class=\"elementor-widget-wrap elementor-element-populated\">\n\t\t\t\t\t\t<div class=\"elementor-element elementor-element-51593395 elementor-widget elementor-widget-heading\" data-id=\"51593395\" data-element_type=\"widget\" data-e-type=\"widget\" data-widget_type=\"heading.default\">\n\t\t\t\t<div class=\"elementor-widget-container\">\n\t\t\t\t\t<h1 class=\"elementor-heading-title elementor-size-default\">DELIVERY<\/h1>\t\t\t\t<\/div>\n\t\t\t\t<\/div>\n\t\t\t\t<div class=\"elementor-element elementor-element-5b2f3624 elementor-absolute elementor-hidden-phone elementor-widget elementor-widget-heading\" data-id=\"5b2f3624\" data-element_type=\"widget\" data-e-type=\"widget\" data-settings=\"{&quot;_position&quot;:&quot;absolute&quot;}\" data-widget_type=\"heading.default\">\n\t\t\t\t<div class=\"elementor-widget-container\">\n\t\t\t\t\t<span class=\"elementor-heading-title elementor-size-default\">delivery<\/span>\t\t\t\t<\/div>\n\t\t\t\t<\/div>\n\t\t\t\t\t<\/div>\n\t\t<\/div>\n\t\t\t\t\t<\/div>\n\t\t<\/section>\n\t\t\t\t<section class=\"elementor-section elementor-top-section elementor-element elementor-element-c7dd14d elementor-section-boxed elementor-section-height-default elementor-section-height-default\" data-id=\"c7dd14d\" data-element_type=\"section\" data-e-type=\"section\">\n\t\t\t\t\t\t<div class=\"elementor-container elementor-column-gap-default\">\n\t\t\t\t\t<div class=\"elementor-column elementor-col-100 elementor-top-column elementor-element elementor-element-f3363bb\" data-id=\"f3363bb\" data-element_type=\"column\" data-e-type=\"column\">\n\t\t\t<div class=\"elementor-widget-wrap elementor-element-populated\">\n\t\t\t\t\t\t<div class=\"elementor-element elementor-element-e4018fd elementor-widget elementor-widget-heading\" data-id=\"e4018fd\" data-element_type=\"widget\" data-e-type=\"widget\" data-widget_type=\"heading.default\">\n\t\t\t\t<div class=\"elementor-widget-container\">\n\t\t\t\t\t<h2 class=\"elementor-heading-title elementor-size-default\">Delivery of WPC boards - Slovenia<\/h2>\t\t\t\t<\/div>\n\t\t\t\t<\/div>\n\t\t\t\t<div class=\"elementor-element elementor-element-6c9b911 elementor-widget elementor-widget-text-editor\" data-id=\"6c9b911\" data-element_type=\"widget\" data-e-type=\"widget\" data-widget_type=\"text-editor.default\">\n\t\t\t\t<div class=\"elementor-widget-container\">\n\t\t\t\t\t\t\t\t\t<p>Delivery is at extra cost and depends on the delivery location and the weight of the order.<\/p>\n<p>We offer individual and group delivery.<br><br>For individual delivery, the journey is organised specifically for your order, but still within our weekly delivery schedule. The delivery date is determined by vehicle availability, installation dates and weather conditions. We always agree on a tentative date together and confirm the details over the phone.<br><br>Collector delivery is a more cost-effective option for smaller orders, where several customers are grouped together on the same route and the cost of delivery is shared. In the case of a group delivery, the delivery date cannot be fixed in advance, as it depends on other orders and the itinerary. The option of a collector delivery is not necessarily available for every order; whether it is possible for your order is written in the offer.<\/p>\n<p>Deliveries are usually made Monday to Friday in the morning. At least one person (the buyer) must be present to help unload the material. <br><br>Our delivery is often cheaper and easier than hiring a van or trailer, especially for long profiles (4.0 m and 5.8 m) where transport by car is difficult or unsuitable.<\/p>\t\t\t\t\t\t\t\t<\/div>\n\t\t\t\t<\/div>\n\t\t\t\t<div class=\"elementor-element elementor-element-6063b04 elementor-widget elementor-widget-heading\" data-id=\"6063b04\" data-element_type=\"widget\" data-e-type=\"widget\" data-widget_type=\"heading.default\">\n\t\t\t\t<div class=\"elementor-widget-container\">\n\t\t\t\t\t<h2 class=\"elementor-heading-title elementor-size-default\">Delivery of WPC boards - other countries<\/h2>\t\t\t\t<\/div>\n\t\t\t\t<\/div>\n\t\t\t\t<div class=\"elementor-element elementor-element-7a70b4d elementor-widget elementor-widget-text-editor\" data-id=\"7a70b4d\" data-element_type=\"widget\" data-e-type=\"widget\" data-widget_type=\"text-editor.default\">\n\t\t\t\t<div class=\"elementor-widget-container\">\n\t\t\t\t\t\t\t\t\t<p>For deliveries to other countries, the option of individual or group delivery depends on the distance and quantity of the order. Where delivery by our own vehicle is not practical or feasible, we will pack the material and send it via other freight services. The delivery cost always depends on the weight, size and distance of the shipment, so we prepare a quote individually for each order.<\/p>\t\t\t\t\t\t\t\t<\/div>\n\t\t\t\t<\/div>\n\t\t\t\t<div class=\"elementor-element elementor-element-1568164 elementor-widget elementor-widget-heading\" data-id=\"1568164\" data-element_type=\"widget\" data-e-type=\"widget\" data-widget_type=\"heading.default\">\n\t\t\t\t<div class=\"elementor-widget-container\">\n\t\t\t\t\t<h2 class=\"elementor-heading-title elementor-size-default\">Possibility of personal pickup<\/h2>\t\t\t\t<\/div>\n\t\t\t\t<\/div>\n\t\t\t\t<div class=\"elementor-element elementor-element-fb1a87f elementor-widget elementor-widget-text-editor\" data-id=\"fb1a87f\" data-element_type=\"widget\" data-e-type=\"widget\" data-widget_type=\"text-editor.default\">\n\t\t\t\t<div class=\"elementor-widget-container\">\n\t\t\t\t\t\t\t\t\t<p>Personal pickup is possible during the warehouse's official opening hours at Savska Loka 21, 4000 Kranj.<\/p>\n<p data-start=\"2640\" data-end=\"2830\">To carry long loads outside the vehicle, you need a long load warning sign, a flat surface (canvas) and sufficiently strong tie-down straps. We recommend a trailer or van of suitable length.<\/p>\n<p data-start=\"2832\" data-end=\"3034\">Damage to materials caused by improper transport (for example, twisting or breaking of boards due to too short a vehicle, transport on the roof or improper lashing) is not subject to a claim.<\/p>\n<p data-start=\"3036\" data-end=\"3224\">If we assess at the time of collection that the vehicle is not suitable for safe transport (too short, on the roof, etc.), we will not load the vehicle and propose an alternative solution. If the material has already been brought to the ramp or partially loaded due to an unsuitable vehicle, the cost of additional unloading and reloading will be charged in accordance with Roksal's General Terms and Conditions.<\/p>\t\t\t\t\t\t\t\t<\/div>\n\t\t\t\t<\/div>\n\t\t\t\t<section class=\"elementor-section elementor-inner-section elementor-element elementor-element-13fbcab elementor-section-boxed elementor-section-height-default elementor-section-height-default\" data-id=\"13fbcab\" data-element_type=\"section\" data-e-type=\"section\">\n\t\t\t\t\t\t<div class=\"elementor-container elementor-column-gap-default\">\n\t\t\t\t\t<div class=\"elementor-column elementor-col-50 elementor-inner-column elementor-element elementor-element-aea9248\" data-id=\"aea9248\" data-element_type=\"column\" data-e-type=\"column\">\n\t\t\t<div class=\"elementor-widget-wrap elementor-element-populated\">\n\t\t\t\t\t\t<div class=\"elementor-element elementor-element-760d57d elementor-widget elementor-widget-image\" data-id=\"760d57d\" data-element_type=\"widget\" data-e-type=\"widget\" data-widget_type=\"image.default\">\n\t\t\t\t<div class=\"elementor-widget-container\">\n\t\t\t\t\t\t\t\t\t\t\t\t\t\t\t<img fetchpriority=\"high\" decoding=\"async\" width=\"1024\" height=\"576\" src=\"https:\/\/roksal.com\/wp-content\/uploads\/2021\/12\/ROKSAL-salon-skladisce-pisarne-1024x576.jpg\" class=\"attachment-large size-large wp-image-3022\" alt=\"\" srcset=\"https:\/\/roksal.com\/wp-content\/uploads\/2021\/12\/ROKSAL-salon-skladisce-pisarne-1024x576.jpg 1024w, https:\/\/roksal.com\/wp-content\/uploads\/2021\/12\/ROKSAL-salon-skladisce-pisarne-300x169.jpg 300w, https:\/\/roksal.com\/wp-content\/uploads\/2021\/12\/ROKSAL-salon-skladisce-pisarne-768x432.jpg 768w, https:\/\/roksal.com\/wp-content\/uploads\/2021\/12\/ROKSAL-salon-skladisce-pisarne-1536x864.jpg 1536w, https:\/\/roksal.com\/wp-content\/uploads\/2021\/12\/ROKSAL-salon-skladisce-pisarne.jpg 1920w\" sizes=\"(max-width: 1024px) 100vw, 1024px\">\t\t\t\t\t\t\t\t\t\t\t\t\t\t\t<\/div>\n\t\t\t\t<\/div>\n\t\t\t\t\t<\/div>\n\t\t<\/div>\n\t\t\t\t<div class=\"elementor-column elementor-col-50 elementor-inner-column elementor-element elementor-element-04ff7c1\" data-id=\"04ff7c1\" data-element_type=\"column\" data-e-type=\"column\">\n\t\t\t<div class=\"elementor-widget-wrap elementor-element-populated\">\n\t\t\t\t\t\t<div class=\"elementor-element elementor-element-ddcce6e elementor-widget elementor-widget-image\" data-id=\"ddcce6e\" data-element_type=\"widget\" data-e-type=\"widget\" data-widget_type=\"image.default\">\n\t\t\t\t<div class=\"elementor-widget-container\">\n\t\t\t\t\t\t\t\t\t\t\t\t\t\t\t<img decoding=\"async\" width=\"768\" height=\"644\" src=\"https:\/\/roksal.com\/wp-content\/uploads\/2025\/11\/prevoz-wpc-desk-768x644.png\" class=\"attachment-medium_large size-medium_large wp-image-9231\" alt=\"Inappropriate delivery of WPC boards crossed out\" srcset=\"https:\/\/roksal.com\/wp-content\/uploads\/2025\/11\/prevoz-wpc-desk-768x644.png 768w, https:\/\/roksal.com\/wp-content\/uploads\/2025\/11\/prevoz-wpc-desk-300x251.png 300w, https:\/\/roksal.com\/wp-content\/uploads\/2025\/11\/prevoz-wpc-desk-14x12.png 14w, https:\/\/roksal.com\/wp-content\/uploads\/2025\/11\/prevoz-wpc-desk.png 940w\" sizes=\"(max-width: 768px) 100vw, 768px\" \/>\t\t\t\t\t\t\t\t\t\t\t\t\t\t\t<\/div>\n\t\t\t\t<\/div>\n\t\t\t\t\t<\/div>\n\t\t<\/div>\n\t\t\t\t\t<\/div>\n\t\t<\/section>\n\t\t\t\t\t<\/div>\n\t\t<\/div>\n\t\t\t\t\t<\/div>\n\t\t<\/section>\n\t\t\t\t<\/div>","protected":false},"excerpt":{"rendered":"<p>DOSTAVA po Sloveniji Dostava WPC desk &#8211; Slovenija Dostava je z dopla\u010dilom in je odvisna od kraja dostave in te\u017ee naro\u010dila. Izvajamo individualno dostavo in dostavo \u00bbzbirnik\u00ab. Pri individualni dostavi je vo\u017enja organizirana posebej za va\u0161e naro\u010dilo, vendar \u0161e vedno v okviru na\u0161ega tedenskega plana dostav. Termin dostave dolo\u010dimo glede na razpolo\u017eljivost vozila, termine monta\u017e [&hellip;]<\/p>\n","protected":false},"author":1,"featured_media":0,"parent":0,"menu_order":0,"comment_status":"closed","ping_status":"closed","template":"","meta":{"site-sidebar-layout":"no-sidebar","site-content-layout":"page-builder","ast-site-content-layout":"full-width-container","site-content-style":"unboxed","site-sidebar-style":"unboxed","ast-global-header-display":"","ast-banner-title-visibility":"","ast-main-header-display":"","ast-hfb-above-header-display":"","ast-hfb-below-header-display":"","ast-hfb-mobile-header-display":"","site-post-title":"disabled","ast-breadcrumbs-content":"","ast-featured-img":"disabled","footer-sml-layout":"","ast-disable-related-posts":"","theme-transparent-header-meta":"default","adv-header-id-meta":"","stick-header-meta":"","header-above-stick-meta":"","header-main-stick-meta":"","header-below-stick-meta":"","astra-migrate-meta-layouts":"set","ast-page-background-enabled":"default","ast-page-background-meta":{"desktop":{"background-color":"","background-image":"","background-repeat":"repeat","background-position":"center center","background-size":"auto","background-attachment":"scroll","background-type":"","background-media":"","overlay-type":"","overlay-color":"","overlay-opacity":"","overlay-gradient":""},"tablet":{"background-color":"","background-image":"","background-repeat":"repeat","background-position":"center center","background-size":"auto","background-attachment":"scroll","background-type":"","background-media":"","overlay-type":"","overlay-color":"","overlay-opacity":"","overlay-gradient":""},"mobile":{"background-color":"","background-image":"","background-repeat":"repeat","background-position":"center center","background-size":"auto","background-attachment":"scroll","background-type":"","background-media":"","overlay-type":"","overlay-color":"","overlay-opacity":"","overlay-gradient":""}},"ast-content-background-meta":{"desktop":{"background-color":"var(--ast-global-color-5)","background-image":"","background-repeat":"repeat","background-position":"center center","background-size":"auto","background-attachment":"scroll","background-type":"","background-media":"","overlay-type":"","overlay-color":"","overlay-opacity":"","overlay-gradient":""},"tablet":{"background-color":"var(--ast-global-color-5)","background-image":"","background-repeat":"repeat","background-position":"center center","background-size":"auto","background-attachment":"scroll","background-type":"","background-media":"","overlay-type":"","overlay-color":"","overlay-opacity":"","overlay-gradient":""},"mobile":{"background-color":"var(--ast-global-color-5)","background-image":"","background-repeat":"repeat","background-position":"center center","background-size":"auto","background-attachment":"scroll","background-type":"","background-media":"","overlay-type":"","overlay-color":"","overlay-opacity":"","overlay-gradient":""}},"footnotes":""},"class_list":["post-147","page","type-page","status-publish","hentry"],"_links":{"self":[{"href":"https:\/\/roksal.com\/en\/wp-json\/wp\/v2\/pages\/147","targetHints":{"allow":["GET"]}}],"collection":[{"href":"https:\/\/roksal.com\/en\/wp-json\/wp\/v2\/pages"}],"about":[{"href":"https:\/\/roksal.com\/en\/wp-json\/wp\/v2\/types\/page"}],"author":[{"embeddable":true,"href":"https:\/\/roksal.com\/en\/wp-json\/wp\/v2\/users\/1"}],"replies":[{"embeddable":true,"href":"https:\/\/roksal.com\/en\/wp-json\/wp\/v2\/comments?post=147"}],"version-history":[{"count":95,"href":"https:\/\/roksal.com\/en\/wp-json\/wp\/v2\/pages\/147\/revisions"}],"predecessor-version":[{"id":9234,"href":"https:\/\/roksal.com\/en\/wp-json\/wp\/v2\/pages\/147\/revisions\/9234"}],"wp:attachment":[{"href":"https:\/\/roksal.com\/en\/wp-json\/wp\/v2\/media?parent=147"}],"curies":[{"name":"wp","href":"https:\/\/api.w.org\/{rel}","templated":true}]}}